{"id":220,"date":"2021-02-03T16:11:13","date_gmt":"2021-02-03T16:11:13","guid":{"rendered":"http:\/\/katelambert.co.uk\/?page_id=220"},"modified":"2024-06-04T16:44:14","modified_gmt":"2024-06-04T16:44:14","slug":"samples","status":"publish","type":"page","link":"https:\/\/katelambert.co.uk\/?page_id=220","title":{"rendered":"Samples"},"content":{"rendered":"\n<p>Samples for publishers. Contact the publishers concerned re. foreign rights.<\/p>\n\n\n\n<ul class=\"wp-block-list\">\n<li>Vulcan by Nino Mick (September 2023) Norstedts<\/li>\n\n\n\n<li>The Black Book (<em>Den Svarta Boken<\/em>) by Magnus V\u00e4sterbro, Bonnier (December 2022)<\/li>\n\n\n\n<li>The Circus Princess (<em>Cirkusprincessan<\/em>) by Kamilla Oresv\u00e4rd, Norstedts (September 2022)<\/li>\n\n\n\n<li>1959 by Helena von Zweigbergk, Norstedts (May 2022)<\/li>\n\n\n\n<li>Queen of the High Road (<em>Landsv\u00e4garnas Drottning<\/em>) by Karin Janson, Norstedts (April 2022)<\/li>\n\n\n\n<li>The Divorce (<em>Skilsm\u00e4ssan<\/em>) by Moa Herngren, Norstedts (March 2022)<\/li>\n\n\n\n<li><em>Tales of the Quarterlands I: The Glow-maker<\/em> (Valkeantuoja &#8211; Nelimaantarinat) by Elina Rouhianen &amp; Kaisa Ranta, Ferly (December 2020)<\/li>\n\n\n\n<li><em>Happy Damn Christmas <\/em>(\u00c4lskade j\u00e4vla jul) by Birgitta Bergin (October 2020)<\/li>\n\n\n\n<li>Monkey in the Middle (Apan i mitten) by Stephan Mendel-Enk, Norstedts (September 2020)<\/li>\n\n\n\n<li><em>Albert Bonnier, his life and times <\/em>(Albert Bonnier och hans tid) by Per T Ohlsson, Bonnier (Full book sample, September 2020)<\/li>\n\n\n\n<li><em>Troubled Water <\/em>(Bakvatten) by Maria Broberg, Norstedts (April 2020)<\/li>\n\n\n\n<li><em>Three Black Boxes <\/em>(Kl\u00e4ttra s\u00e5 h\u00f6gt du vill)by Lina Schollin Ask, Norstedts (September 2019)<\/li>\n\n\n\n<li><em>Bees and people (Bin och m\u00e4nniskor) <\/em>by Lotte M\u00f6ller, Norstedts (April 2019)<\/li>\n\n\n\n<li><em>I Breathe therefore I am (Jag andas allts\u00e5 finns jag<\/em>) by Caroline Cederquist, Bonnier (April 2019)<\/li>\n\n\n\n<li><em>Total Loss (Totalskada)<\/em> by Helena von Zweigbergk, Norstedts (September 2018)<\/li>\n\n\n\n<li><em>Dr B<\/em> by Daniel Birnbaum, Bonnier (August 2018)<\/li>\n\n\n\n<li><em>Masha (Masja)<\/em> by Carola Hansson (May 2018)<\/li>\n\n\n\n<li><em>My Soul to Keep<\/em> (<em>Sj\u00e4las\u00f6rjaren<\/em>) by Christine Falkenland, Bonnier (February 2018)<\/li>\n\n\n\n<li><em>Surrounded (Kuura)<\/em> by Elina Pitk\u00e4kangas, Finnish YA, Kaiken (October 2017)<\/li>\n\n\n\n<li><em>Twin Suns<\/em> (Kaksosauringot) by Erika Vik, Finnish YA, Kaiken (June 2017)<\/li>\n<\/ul>\n","protected":false},"excerpt":{"rendered":"<p>Samples for publishers. Contact the publishers concerned re. foreign rights.<\/p>\n","protected":false},"author":1,"featured_media":0,"parent":0,"menu_order":0,"comment_status":"closed","ping_status":"closed","template":"","meta":{"footnotes":""},"class_list":["post-220","page","type-page","status-publish","hentry","entry"],"_links":{"self":[{"href":"https:\/\/katelambert.co.uk\/index.php?rest_route=\/wp\/v2\/pages\/220"}],"collection":[{"href":"https:\/\/katelambert.co.uk\/index.php?rest_route=\/wp\/v2\/pages"}],"about":[{"href":"https:\/\/katelambert.co.uk\/index.php?rest_route=\/wp\/v2\/types\/page"}],"author":[{"embeddable":true,"href":"https:\/\/katelambert.co.uk\/index.php?rest_route=\/wp\/v2\/users\/1"}],"replies":[{"embeddable":true,"href":"https:\/\/katelambert.co.uk\/index.php?rest_route=%2Fwp%2Fv2%2Fcomments&post=220"}],"version-history":[{"count":3,"href":"https:\/\/katelambert.co.uk\/index.php?rest_route=\/wp\/v2\/pages\/220\/revisions"}],"predecessor-version":[{"id":263,"href":"https:\/\/katelambert.co.uk\/index.php?rest_route=\/wp\/v2\/pages\/220\/revisions\/263"}],"wp:attachment":[{"href":"https:\/\/katelambert.co.uk\/index.php?rest_route=%2Fwp%2Fv2%2Fmedia&parent=220"}],"curies":[{"name":"wp","href":"https:\/\/api.w.org\/{rel}","templated":true}]}}